{"id":247,"date":"2024-07-01T13:53:39","date_gmt":"2024-07-01T11:53:39","guid":{"rendered":"https:\/\/bpsselb.cluster027.hosting.ovh.net\/?page_id=247"},"modified":"2024-07-07T15:08:25","modified_gmt":"2024-07-07T13:08:25","slug":"nautique","status":"publish","type":"page","link":"https:\/\/www.bps-sellerie.fr\/index.php\/nautique\/","title":{"rendered":"NAUTIQUE"},"content":{"rendered":"\n<p>Nous intervenons sur la r\u00e9fection ou la cr\u00e9ation des int\u00e9rieurs et des fermetures de bateaux : coussinage, rev\u00e9tement, tauds, biminis, capotes.<\/p>\n\n\n\n<p>Nous travaillons avec des mat\u00e9riaux sp\u00e9cifiques au domaine nautique, r\u00e9sistants aux UV, intemp\u00e9ries, usages marins.<\/p>\n\n\n\n<p><\/p>\n\n\n\n<p>Une large gamme de produits est disponible, n&rsquo;h\u00e9sitez pas \u00e0 nous contacter pour toute demande.<\/p>\n\n\n\n<p>Quelques exemples de r\u00e9alisation :<\/p>\n\n\n\n<figure class=\"wp-block-gallery has-nested-images columns-default is-cropped wp-block-gallery-1 is-layout-flex wp-block-gallery-is-layout-flex\">\n<figure class=\"wp-block-image size-large\"><img loading=\"lazy\" decoding=\"async\" width=\"768\" height=\"1024\" data-id=\"296\" src=\"https:\/\/www.bps-sellerie.fr\/wp-content\/uploads\/2024\/07\/20230705_153821-768x1024.jpg\" alt=\"\" class=\"wp-image-296\" srcset=\"https:\/\/www.bps-sellerie.fr\/wp-content\/uploads\/2024\/07\/20230705_153821-768x1024.jpg 768w, https:\/\/www.bps-sellerie.fr\/wp-content\/uploads\/2024\/07\/20230705_153821-225x300.jpg 225w, https:\/\/www.bps-sellerie.fr\/wp-content\/uploads\/2024\/07\/20230705_153821-1152x1536.jpg 1152w, https:\/\/www.bps-sellerie.fr\/wp-content\/uploads\/2024\/07\/20230705_153821-1536x2048.jpg 1536w, https:\/\/www.bps-sellerie.fr\/wp-content\/uploads\/2024\/07\/20230705_153821-scaled.jpg 1920w\" sizes=\"auto, (max-width: 768px) 100vw, 768px\" \/><\/figure>\n\n\n\n<figure class=\"wp-block-image size-large\"><img loading=\"lazy\" decoding=\"async\" width=\"768\" height=\"1024\" data-id=\"295\" src=\"https:\/\/www.bps-sellerie.fr\/wp-content\/uploads\/2024\/07\/20230705_153805-768x1024.jpg\" alt=\"\" class=\"wp-image-295\" srcset=\"https:\/\/www.bps-sellerie.fr\/wp-content\/uploads\/2024\/07\/20230705_153805-768x1024.jpg 768w, https:\/\/www.bps-sellerie.fr\/wp-content\/uploads\/2024\/07\/20230705_153805-225x300.jpg 225w, https:\/\/www.bps-sellerie.fr\/wp-content\/uploads\/2024\/07\/20230705_153805-1152x1536.jpg 1152w, https:\/\/www.bps-sellerie.fr\/wp-content\/uploads\/2024\/07\/20230705_153805-1536x2048.jpg 1536w, https:\/\/www.bps-sellerie.fr\/wp-content\/uploads\/2024\/07\/20230705_153805-scaled.jpg 1920w\" sizes=\"auto, (max-width: 768px) 100vw, 768px\" \/><\/figure>\n\n\n\n<figure class=\"wp-block-image size-large\"><img loading=\"lazy\" decoding=\"async\" width=\"768\" height=\"1024\" data-id=\"294\" src=\"https:\/\/www.bps-sellerie.fr\/wp-content\/uploads\/2024\/07\/20230705_153752-768x1024.jpg\" alt=\"\" class=\"wp-image-294\" srcset=\"https:\/\/www.bps-sellerie.fr\/wp-content\/uploads\/2024\/07\/20230705_153752-768x1024.jpg 768w, https:\/\/www.bps-sellerie.fr\/wp-content\/uploads\/2024\/07\/20230705_153752-225x300.jpg 225w, https:\/\/www.bps-sellerie.fr\/wp-content\/uploads\/2024\/07\/20230705_153752-1152x1536.jpg 1152w, https:\/\/www.bps-sellerie.fr\/wp-content\/uploads\/2024\/07\/20230705_153752-1536x2048.jpg 1536w, https:\/\/www.bps-sellerie.fr\/wp-content\/uploads\/2024\/07\/20230705_153752-scaled.jpg 1920w\" sizes=\"auto, (max-width: 768px) 100vw, 768px\" \/><\/figure>\n\n\n\n<figure class=\"wp-block-image size-large\"><img loading=\"lazy\" decoding=\"async\" width=\"1024\" height=\"768\" data-id=\"288\" src=\"https:\/\/www.bps-sellerie.fr\/wp-content\/uploads\/2024\/07\/20230515_160202-1024x768.jpg\" alt=\"\" class=\"wp-image-288\" srcset=\"https:\/\/www.bps-sellerie.fr\/wp-content\/uploads\/2024\/07\/20230515_160202-1024x768.jpg 1024w, https:\/\/www.bps-sellerie.fr\/wp-content\/uploads\/2024\/07\/20230515_160202-300x225.jpg 300w, https:\/\/www.bps-sellerie.fr\/wp-content\/uploads\/2024\/07\/20230515_160202-768x576.jpg 768w, https:\/\/www.bps-sellerie.fr\/wp-content\/uploads\/2024\/07\/20230515_160202-1536x1152.jpg 1536w, https:\/\/www.bps-sellerie.fr\/wp-content\/uploads\/2024\/07\/20230515_160202-2048x1536.jpg 2048w\" sizes=\"auto, (max-width: 1024px) 100vw, 1024px\" \/><\/figure>\n\n\n\n<figure class=\"wp-block-image size-large\"><img loading=\"lazy\" decoding=\"async\" width=\"1024\" height=\"768\" data-id=\"293\" src=\"https:\/\/www.bps-sellerie.fr\/wp-content\/uploads\/2024\/07\/20230705_153709-1024x768.jpg\" alt=\"\" class=\"wp-image-293\" srcset=\"https:\/\/www.bps-sellerie.fr\/wp-content\/uploads\/2024\/07\/20230705_153709-1024x768.jpg 1024w, https:\/\/www.bps-sellerie.fr\/wp-content\/uploads\/2024\/07\/20230705_153709-300x225.jpg 300w, https:\/\/www.bps-sellerie.fr\/wp-content\/uploads\/2024\/07\/20230705_153709-768x576.jpg 768w, https:\/\/www.bps-sellerie.fr\/wp-content\/uploads\/2024\/07\/20230705_153709-1536x1152.jpg 1536w, https:\/\/www.bps-sellerie.fr\/wp-content\/uploads\/2024\/07\/20230705_153709-2048x1536.jpg 2048w\" sizes=\"auto, (max-width: 1024px) 100vw, 1024px\" \/><\/figure>\n\n\n\n<figure class=\"wp-block-image size-large\"><img loading=\"lazy\" decoding=\"async\" width=\"1024\" height=\"768\" data-id=\"285\" src=\"https:\/\/www.bps-sellerie.fr\/wp-content\/uploads\/2024\/07\/20230515_160133-1024x768.jpg\" alt=\"\" class=\"wp-image-285\" srcset=\"https:\/\/www.bps-sellerie.fr\/wp-content\/uploads\/2024\/07\/20230515_160133-1024x768.jpg 1024w, https:\/\/www.bps-sellerie.fr\/wp-content\/uploads\/2024\/07\/20230515_160133-300x225.jpg 300w, https:\/\/www.bps-sellerie.fr\/wp-content\/uploads\/2024\/07\/20230515_160133-768x576.jpg 768w, https:\/\/www.bps-sellerie.fr\/wp-content\/uploads\/2024\/07\/20230515_160133-1536x1152.jpg 1536w, https:\/\/www.bps-sellerie.fr\/wp-content\/uploads\/2024\/07\/20230515_160133-2048x1536.jpg 2048w\" sizes=\"auto, (max-width: 1024px) 100vw, 1024px\" \/><\/figure>\n\n\n\n<figure class=\"wp-block-image size-large\"><img loading=\"lazy\" decoding=\"async\" width=\"1024\" height=\"768\" data-id=\"286\" src=\"https:\/\/www.bps-sellerie.fr\/wp-content\/uploads\/2024\/07\/20230515_160139-1024x768.jpg\" alt=\"\" class=\"wp-image-286\" srcset=\"https:\/\/www.bps-sellerie.fr\/wp-content\/uploads\/2024\/07\/20230515_160139-1024x768.jpg 1024w, https:\/\/www.bps-sellerie.fr\/wp-content\/uploads\/2024\/07\/20230515_160139-300x225.jpg 300w, https:\/\/www.bps-sellerie.fr\/wp-content\/uploads\/2024\/07\/20230515_160139-768x576.jpg 768w, https:\/\/www.bps-sellerie.fr\/wp-content\/uploads\/2024\/07\/20230515_160139-1536x1152.jpg 1536w, https:\/\/www.bps-sellerie.fr\/wp-content\/uploads\/2024\/07\/20230515_160139-2048x1536.jpg 2048w\" sizes=\"auto, (max-width: 1024px) 100vw, 1024px\" \/><\/figure>\n\n\n\n<figure class=\"wp-block-image size-large\"><img loading=\"lazy\" decoding=\"async\" width=\"1024\" height=\"768\" data-id=\"287\" src=\"https:\/\/www.bps-sellerie.fr\/wp-content\/uploads\/2024\/07\/20230515_160153-1024x768.jpg\" alt=\"\" class=\"wp-image-287\" srcset=\"https:\/\/www.bps-sellerie.fr\/wp-content\/uploads\/2024\/07\/20230515_160153-1024x768.jpg 1024w, https:\/\/www.bps-sellerie.fr\/wp-content\/uploads\/2024\/07\/20230515_160153-300x225.jpg 300w, https:\/\/www.bps-sellerie.fr\/wp-content\/uploads\/2024\/07\/20230515_160153-768x576.jpg 768w, https:\/\/www.bps-sellerie.fr\/wp-content\/uploads\/2024\/07\/20230515_160153-1536x1152.jpg 1536w, https:\/\/www.bps-sellerie.fr\/wp-content\/uploads\/2024\/07\/20230515_160153-2048x1536.jpg 2048w\" sizes=\"auto, (max-width: 1024px) 100vw, 1024px\" \/><\/figure>\n\n\n\n<figure class=\"wp-block-image size-large\"><img loading=\"lazy\" decoding=\"async\" width=\"768\" height=\"1024\" data-id=\"274\" src=\"https:\/\/www.bps-sellerie.fr\/wp-content\/uploads\/2024\/07\/20220628_062935-768x1024.jpg\" alt=\"\" class=\"wp-image-274\" srcset=\"https:\/\/www.bps-sellerie.fr\/wp-content\/uploads\/2024\/07\/20220628_062935-768x1024.jpg 768w, https:\/\/www.bps-sellerie.fr\/wp-content\/uploads\/2024\/07\/20220628_062935-225x300.jpg 225w, https:\/\/www.bps-sellerie.fr\/wp-content\/uploads\/2024\/07\/20220628_062935-1152x1536.jpg 1152w, https:\/\/www.bps-sellerie.fr\/wp-content\/uploads\/2024\/07\/20220628_062935-1536x2048.jpg 1536w, https:\/\/www.bps-sellerie.fr\/wp-content\/uploads\/2024\/07\/20220628_062935-scaled.jpg 1920w\" sizes=\"auto, (max-width: 768px) 100vw, 768px\" \/><\/figure>\n\n\n\n<figure class=\"wp-block-image size-large\"><img loading=\"lazy\" decoding=\"async\" width=\"768\" height=\"1024\" data-id=\"273\" src=\"https:\/\/www.bps-sellerie.fr\/wp-content\/uploads\/2024\/07\/20220628_062921-768x1024.jpg\" alt=\"\" class=\"wp-image-273\" srcset=\"https:\/\/www.bps-sellerie.fr\/wp-content\/uploads\/2024\/07\/20220628_062921-768x1024.jpg 768w, https:\/\/www.bps-sellerie.fr\/wp-content\/uploads\/2024\/07\/20220628_062921-225x300.jpg 225w, https:\/\/www.bps-sellerie.fr\/wp-content\/uploads\/2024\/07\/20220628_062921-1152x1536.jpg 1152w, https:\/\/www.bps-sellerie.fr\/wp-content\/uploads\/2024\/07\/20220628_062921-1536x2048.jpg 1536w, https:\/\/www.bps-sellerie.fr\/wp-content\/uploads\/2024\/07\/20220628_062921-scaled.jpg 1920w\" sizes=\"auto, (max-width: 768px) 100vw, 768px\" \/><\/figure>\n<\/figure>\n","protected":false},"excerpt":{"rendered":"<p>Nous intervenons sur la r\u00e9fection ou la cr\u00e9ation des int\u00e9rieurs et des fermetures de bateaux : coussinage, rev\u00e9tement, tauds, biminis, capotes. Nous travaillons avec des mat\u00e9riaux sp\u00e9cifiques au domaine nautique, r\u00e9sistants aux UV, intemp\u00e9ries, usages marins. Une large gamme de produits est disponible, n&rsquo;h\u00e9sitez pas \u00e0 nous contacter pour toute demande. Quelques exemples de r\u00e9alisation &hellip; <\/p>\n<p class=\"link-more\"><a href=\"https:\/\/www.bps-sellerie.fr\/index.php\/nautique\/\" class=\"more-link\">Lire la suite de<span class=\"screen-reader-text\">\u00ab\u00a0NAUTIQUE\u00a0\u00bb<\/span><\/a><\/p>\n","protected":false},"author":1,"featured_media":0,"parent":0,"menu_order":0,"comment_status":"closed","ping_status":"closed","template":"","meta":{"footnotes":""},"class_list":["post-247","page","type-page","status-publish","hentry"],"_links":{"self":[{"href":"https:\/\/www.bps-sellerie.fr\/index.php\/wp-json\/wp\/v2\/pages\/247","targetHints":{"allow":["GET"]}}],"collection":[{"href":"https:\/\/www.bps-sellerie.fr\/index.php\/wp-json\/wp\/v2\/pages"}],"about":[{"href":"https:\/\/www.bps-sellerie.fr\/index.php\/wp-json\/wp\/v2\/types\/page"}],"author":[{"embeddable":true,"href":"https:\/\/www.bps-sellerie.fr\/index.php\/wp-json\/wp\/v2\/users\/1"}],"replies":[{"embeddable":true,"href":"https:\/\/www.bps-sellerie.fr\/index.php\/wp-json\/wp\/v2\/comments?post=247"}],"version-history":[{"count":3,"href":"https:\/\/www.bps-sellerie.fr\/index.php\/wp-json\/wp\/v2\/pages\/247\/revisions"}],"predecessor-version":[{"id":396,"href":"https:\/\/www.bps-sellerie.fr\/index.php\/wp-json\/wp\/v2\/pages\/247\/revisions\/396"}],"wp:attachment":[{"href":"https:\/\/www.bps-sellerie.fr\/index.php\/wp-json\/wp\/v2\/media?parent=247"}],"curies":[{"name":"wp","href":"https:\/\/api.w.org\/{rel}","templated":true}]}}